{"id":34,"date":"2021-06-17T11:36:48","date_gmt":"2021-06-17T14:36:48","guid":{"rendered":"http:\/\/ledboxindustrial.com.br\/?page_id=34"},"modified":"2022-04-08T08:01:35","modified_gmt":"2022-04-08T11:01:35","slug":"home-2","status":"publish","type":"page","link":"http:\/\/ledboxindustrial.com.br\/","title":{"rendered":"Home"},"content":{"rendered":"\t\t<div data-elementor-type=\"wp-page\" data-elementor-id=\"34\" class=\"elementor elementor-34\" data-elementor-settings=\"[]\">\n\t\t\t\t\t\t\t<div class=\"elementor-section-wrap\">\n\t\t\t\t\t\t\t<section class=\"elementor-section elementor-top-section elementor-element elementor-element-ff3ba71 elementor-section-boxed elementor-section-height-default elementor-section-height-default\" data-id=\"ff3ba71\" data-element_type=\"section\" data-settings=\"{&quot;background_background&quot;:&quot;classic&quot;}\">\n\t\t\t\t\t\t\t<div class=\"elementor-background-overlay\"><\/div>\n\t\t\t\t\t\t\t<div class=\"elementor-container elementor-column-gap-default\">\n\t\t\t\t\t<div class=\"elementor-column elementor-col-50 elementor-top-column elementor-element elementor-element-ff6e570\" data-id=\"ff6e570\" data-element_type=\"column\">\n\t\t\t<div class=\"elementor-widget-wrap elementor-element-populated\">\n\t\t\t\t\t\t\t\t<div class=\"elementor-element elementor-element-4ddb9c8 elementor-widget elementor-widget-heading\" data-id=\"4ddb9c8\" data-element_type=\"widget\" data-widget_type=\"heading.default\">\n\t\t\t\t<div class=\"elementor-widget-container\">\n\t\t\t<h2 class=\"elementor-heading-title elementor-size-default\">LEDBOX Industrial<\/h2>\t\t<\/div>\n\t\t\t\t<\/div>\n\t\t\t\t<div class=\"elementor-element elementor-element-9a0afbf elementor-widget elementor-widget-text-editor\" data-id=\"9a0afbf\" data-element_type=\"widget\" data-widget_type=\"text-editor.default\">\n\t\t\t\t<div class=\"elementor-widget-container\">\n\t\t\t\t\t<div class=\"elementor-text-editor elementor-clearfix\"><p>Trabalhamos com os melhores produtos relacionado a carca\u00e7as de lumin\u00e1ria<\/p><\/div>\n\t\t\t\t<\/div>\n\t\t\t\t<\/div>\n\t\t\t\t<div class=\"elementor-element elementor-element-973b2a8 elementor-mobile-align-center elementor-widget elementor-widget-button\" data-id=\"973b2a8\" data-element_type=\"widget\" data-widget_type=\"button.default\">\n\t\t\t\t<div class=\"elementor-widget-container\">\n\t\t\t\t\t<div class=\"elementor-button-wrapper\">\n\t\t\t<a href=\"https:\/\/api.whatsapp.com\/send?l=pt_BR&#038;phone=5511941012557\" target=\"_blank\" class=\"elementor-button-link elementor-button elementor-size-sm\" role=\"button\">\n\t\t\t\t\t\t<span class=\"elementor-button-content-wrapper\">\n\t\t\t\t\t\t<span class=\"elementor-button-text\">Saiba Mais<\/span>\n\t\t<\/span>\n\t\t\t\t\t<\/a>\n\t\t<\/div>\n\t\t\t\t<\/div>\n\t\t\t\t<\/div>\n\t\t\t\t\t<\/div>\n\t\t<\/div>\n\t\t\t\t<div class=\"elementor-column elementor-col-50 elementor-top-column elementor-element elementor-element-c046e38\" data-id=\"c046e38\" data-element_type=\"column\" data-settings=\"{&quot;background_background&quot;:&quot;classic&quot;}\">\n\t\t\t<div class=\"elementor-widget-wrap elementor-element-populated\">\n\t\t\t\t\t\t\t\t<div class=\"elementor-element elementor-element-23413f6 elementor-widget elementor-widget-heading\" data-id=\"23413f6\" data-element_type=\"widget\" data-widget_type=\"heading.default\">\n\t\t\t\t<div class=\"elementor-widget-container\">\n\t\t\t<h2 class=\"elementor-heading-title elementor-size-default\">SOLICITE OR\u00c7AMENTO<\/h2>\t\t<\/div>\n\t\t\t\t<\/div>\n\t\t\t\t<div class=\"elementor-element elementor-element-8f6e891 elementor-button-align-stretch elementor-widget elementor-widget-form\" data-id=\"8f6e891\" data-element_type=\"widget\" data-settings=\"{&quot;step_next_label&quot;:&quot;Next&quot;,&quot;step_previous_label&quot;:&quot;Previous&quot;,&quot;button_width&quot;:&quot;100&quot;,&quot;step_type&quot;:&quot;number_text&quot;,&quot;step_icon_shape&quot;:&quot;circle&quot;}\" data-widget_type=\"form.default\">\n\t\t\t\t<div class=\"elementor-widget-container\">\n\t\t\t\t\t<form class=\"elementor-form\" method=\"post\" name=\"New Form\">\n\t\t\t<input type=\"hidden\" name=\"post_id\" value=\"34\"\/>\n\t\t\t<input type=\"hidden\" name=\"form_id\" value=\"8f6e891\"\/>\n\n\t\t\t\n\t\t\t<div class=\"elementor-form-fields-wrapper elementor-labels-above\">\n\t\t\t\t\t\t\t\t<div class=\"elementor-field-type-text elementor-field-group elementor-column elementor-field-group-field_a759804 elementor-col-100\">\n\t\t\t\t\t<input size=\"1\" type=\"text\" name=\"form_fields[field_a759804]\" id=\"form-field-field_a759804\" class=\"elementor-field elementor-size-sm  elementor-field-textual\" placeholder=\"Seu nome\">\t\t\t\t<\/div>\n\t\t\t\t\t\t\t\t<div class=\"elementor-field-type-email elementor-field-group elementor-column elementor-field-group-email elementor-col-100 elementor-field-required\">\n\t\t\t\t\t<input size=\"1\" type=\"email\" name=\"form_fields[email]\" id=\"form-field-email\" class=\"elementor-field elementor-size-sm  elementor-field-textual\" placeholder=\"E-mail\" required=\"required\" aria-required=\"true\">\t\t\t\t<\/div>\n\t\t\t\t\t\t\t\t<div class=\"elementor-field-type-tel elementor-field-group elementor-column elementor-field-group-field_8604d3d elementor-col-100 elementor-field-required\">\n\t\t\t\t\t<input size=\"1\" type=\"tel\" name=\"form_fields[field_8604d3d]\" id=\"form-field-field_8604d3d\" class=\"elementor-field elementor-size-sm  elementor-field-textual\" placeholder=\"Seu Telefone\" required=\"required\" aria-required=\"true\" pattern=\"[0-9()#&amp;+*-=.]+\" title=\"Only numbers and phone characters (#, -, *, etc) are accepted.\">\t\t\t\t<\/div>\n\t\t\t\t\t\t\t\t<div class=\"elementor-field-type-textarea elementor-field-group elementor-column elementor-field-group-message elementor-col-100\">\n\t\t\t\t\t<textarea class=\"elementor-field-textual elementor-field  elementor-size-sm\" name=\"form_fields[message]\" id=\"form-field-message\" rows=\"4\" placeholder=\"Digite sua mensagem\"><\/textarea>\t\t\t\t<\/div>\n\t\t\t\t\t\t\t\t<div class=\"elementor-field-group elementor-column elementor-field-type-submit elementor-col-100 e-form__buttons\">\n\t\t\t\t\t<button type=\"submit\" class=\"elementor-button elementor-size-sm\">\n\t\t\t\t\t\t<span >\n\t\t\t\t\t\t\t\t\t\t\t\t\t\t\t<span class=\" elementor-button-icon\">\n\t\t\t\t\t\t\t\t\t\t\t\t\t\t\t\t\t\t\t\t\t\t\t\t\t\t<\/span>\n\t\t\t\t\t\t\t\t\t\t\t\t\t\t\t\t\t\t\t\t\t\t<span class=\"elementor-button-text\">Enviar mensagem<\/span>\n\t\t\t\t\t\t\t\t\t\t\t\t\t<\/span>\n\t\t\t\t\t<\/button>\n\t\t\t\t<\/div>\n\t\t\t<\/div>\n\t\t<\/form>\n\t\t\t\t<\/div>\n\t\t\t\t<\/div>\n\t\t\t\t\t<\/div>\n\t\t<\/div>\n\t\t\t\t\t\t\t<\/div>\n\t\t<\/section>\n\t\t\t\t<section class=\"elementor-section elementor-top-section elementor-element elementor-element-72a2bd34 elementor-section-content-middle envato-kit-141 elementor-section-stretched elementor-section-boxed elementor-section-height-default elementor-section-height-default\" data-id=\"72a2bd34\" data-element_type=\"section\" data-settings=\"{&quot;background_background&quot;:&quot;classic&quot;,&quot;stretch_section&quot;:&quot;section-stretched&quot;}\">\n\t\t\t\t\t\t\t<div class=\"elementor-background-overlay\"><\/div>\n\t\t\t\t\t\t\t<div class=\"elementor-container elementor-column-gap-default\">\n\t\t\t\t\t<div class=\"elementor-column elementor-col-100 elementor-top-column elementor-element elementor-element-7f832d1e\" data-id=\"7f832d1e\" data-element_type=\"column\">\n\t\t\t<div class=\"elementor-widget-wrap elementor-element-populated\">\n\t\t\t\t\t\t\t\t<div class=\"elementor-element elementor-element-12b0986b elementor-arrows-position-inside elementor-pagination-position-outside elementor-widget elementor-widget-image-carousel\" data-id=\"12b0986b\" data-element_type=\"widget\" data-settings=\"{&quot;slides_to_show&quot;:&quot;4&quot;,&quot;slides_to_scroll&quot;:&quot;1&quot;,&quot;image_spacing_custom&quot;:{&quot;unit&quot;:&quot;px&quot;,&quot;size&quot;:40,&quot;sizes&quot;:[]},&quot;navigation&quot;:&quot;both&quot;,&quot;autoplay&quot;:&quot;yes&quot;,&quot;pause_on_hover&quot;:&quot;yes&quot;,&quot;pause_on_interaction&quot;:&quot;yes&quot;,&quot;autoplay_speed&quot;:5000,&quot;infinite&quot;:&quot;yes&quot;,&quot;speed&quot;:500}\" data-widget_type=\"image-carousel.default\">\n\t\t\t\t<div class=\"elementor-widget-container\">\n\t\t\t\t\t<div class=\"elementor-image-carousel-wrapper swiper-container\" dir=\"ltr\">\n\t\t\t<div class=\"elementor-image-carousel swiper-wrapper\">\n\t\t\t\t<div class=\"swiper-slide\"><a data-elementor-open-lightbox=\"yes\" data-elementor-lightbox-slideshow=\"12b0986b\" data-elementor-lightbox-title=\"Carca\u00e7a lumin\u00e1ria LB - 01 vers\u00e3o Projetor\" href=\"http:\/\/ledboxindustrial.com.br\/wp-content\/uploads\/2022\/04\/Carcaca-luminaria-LB-01-versao-Projetor.jpeg\"><figure class=\"swiper-slide-inner\"><img decoding=\"async\" class=\"swiper-slide-image\" src=\"http:\/\/ledboxindustrial.com.br\/wp-content\/uploads\/elementor\/thumbs\/Carcaca-luminaria-LB-01-versao-Projetor-pn1a1de10hspq4kbttx04po6pyemq9y5aleqex3zco.jpeg\" alt=\"Carca\u00e7a lumin\u00e1ria LB - 01 vers\u00e3o Projetor\" \/><figcaption class=\"elementor-image-carousel-caption\">Carca\u00e7a lumin\u00e1ria LB - 01 vers\u00e3o Projetor<\/figcaption><\/figure><\/a><\/div><div class=\"swiper-slide\"><a data-elementor-open-lightbox=\"yes\" data-elementor-lightbox-slideshow=\"12b0986b\" data-elementor-lightbox-title=\"Carca\u00e7a lumin\u00e1ria LB - 02 vers\u00e3o Projetor\" href=\"http:\/\/ledboxindustrial.com.br\/wp-content\/uploads\/2022\/04\/Carcaca-luminaria-LB-02-versao-Projetor.jpeg\"><figure class=\"swiper-slide-inner\"><img decoding=\"async\" class=\"swiper-slide-image\" src=\"http:\/\/ledboxindustrial.com.br\/wp-content\/uploads\/elementor\/thumbs\/Carcaca-luminaria-LB-02-versao-Projetor-pn1a1ebv7bu01qiyocbmp7fnbc9zxz1vmq27w72l6g.jpeg\" alt=\"Carca\u00e7a lumin\u00e1ria LB - 02 vers\u00e3o Projetor\" \/><figcaption class=\"elementor-image-carousel-caption\">Carca\u00e7a lumin\u00e1ria LB - 02 vers\u00e3o Projetor<\/figcaption><\/figure><\/a><\/div><div class=\"swiper-slide\"><a data-elementor-open-lightbox=\"yes\" data-elementor-lightbox-slideshow=\"12b0986b\" data-elementor-lightbox-title=\"Carca\u00e7a lumin\u00e1ria LB - 03 vers\u00e3o Projetor\" href=\"http:\/\/ledboxindustrial.com.br\/wp-content\/uploads\/2022\/04\/Carcaca-luminaria-LB-03-versao-Projetor.jpeg\"><figure class=\"swiper-slide-inner\"><img decoding=\"async\" class=\"swiper-slide-image\" src=\"http:\/\/ledboxindustrial.com.br\/wp-content\/uploads\/elementor\/thumbs\/Carcaca-luminaria-LB-03-versao-Projetor-pn1a1ebv7bu01qiyocbmp7fnbc9zxz1vmq27w72l6g.jpeg\" alt=\"Carca\u00e7a lumin\u00e1ria LB - 03 vers\u00e3o Projetor\" \/><figcaption class=\"elementor-image-carousel-caption\">Carca\u00e7a lumin\u00e1ria LB - 03 vers\u00e3o Projetor<\/figcaption><\/figure><\/a><\/div><div class=\"swiper-slide\"><a data-elementor-open-lightbox=\"yes\" data-elementor-lightbox-slideshow=\"12b0986b\" data-elementor-lightbox-title=\"Carca\u00e7a lumin\u00e1ria LB - 03\" href=\"http:\/\/ledboxindustrial.com.br\/wp-content\/uploads\/2022\/04\/Carcaca-luminaria-LB-03.jpeg\"><figure class=\"swiper-slide-inner\"><img decoding=\"async\" class=\"swiper-slide-image\" src=\"http:\/\/ledboxindustrial.com.br\/wp-content\/uploads\/elementor\/thumbs\/Carcaca-luminaria-LB-03-pn1a1f9pe5vadchliuq99p73wq5d5o5lyuppdh1708.jpeg\" alt=\"Carca\u00e7a lumin\u00e1ria LB - 03\" \/><figcaption class=\"elementor-image-carousel-caption\">Carca\u00e7a lumin\u00e1ria LB - 03<\/figcaption><\/figure><\/a><\/div><div class=\"swiper-slide\"><a data-elementor-open-lightbox=\"yes\" data-elementor-lightbox-slideshow=\"12b0986b\" data-elementor-lightbox-title=\"Carca\u00e7a Luminaria LB-02\" href=\"http:\/\/ledboxindustrial.com.br\/wp-content\/uploads\/2022\/04\/Carcaca-Luminaria-LB-02.jpeg\"><figure class=\"swiper-slide-inner\"><img decoding=\"async\" class=\"swiper-slide-image\" src=\"http:\/\/ledboxindustrial.com.br\/wp-content\/uploads\/elementor\/thumbs\/Carcaca-Luminaria-LB-02-pn1a1g7jkzwkoyg8dd4vu6yki40qdd9cazd6uqzsu0.jpeg\" alt=\"Carca\u00e7a Luminaria LB-02\" \/><figcaption class=\"elementor-image-carousel-caption\">Carca\u00e7a Luminaria LB-02<\/figcaption><\/figure><\/a><\/div>\t\t\t<\/div>\n\t\t\t\t\t\t\t\t\t\t\t\t<div class=\"swiper-pagination\"><\/div>\n\t\t\t\t\t\t\t\t\t\t\t\t\t<div class=\"elementor-swiper-button elementor-swiper-button-prev\">\n\t\t\t\t\t\t<i class=\"eicon-chevron-left\" aria-hidden=\"true\"><\/i>\n\t\t\t\t\t\t<span class=\"elementor-screen-only\">Previous<\/span>\n\t\t\t\t\t<\/div>\n\t\t\t\t\t<div class=\"elementor-swiper-button elementor-swiper-button-next\">\n\t\t\t\t\t\t<i class=\"eicon-chevron-right\" aria-hidden=\"true\"><\/i>\n\t\t\t\t\t\t<span class=\"elementor-screen-only\">Next<\/span>\n\t\t\t\t\t<\/div>\n\t\t\t\t\t\t\t\t\t<\/div>\n\t\t\t\t<\/div>\n\t\t\t\t<\/div>\n\t\t\t\t\t<\/div>\n\t\t<\/div>\n\t\t\t\t\t\t\t<\/div>\n\t\t<\/section>\n\t\t\t\t<section class=\"elementor-section elementor-top-section elementor-element elementor-element-f68a9f3 elementor-section-boxed elementor-section-height-default elementor-section-height-default\" data-id=\"f68a9f3\" data-element_type=\"section\">\n\t\t\t\t\t\t<div class=\"elementor-container elementor-column-gap-default\">\n\t\t\t\t\t<div class=\"elementor-column elementor-col-50 elementor-top-column elementor-element elementor-element-6b719b5\" data-id=\"6b719b5\" data-element_type=\"column\">\n\t\t\t<div class=\"elementor-widget-wrap elementor-element-populated\">\n\t\t\t\t\t\t\t\t<div class=\"elementor-element elementor-element-cd3c269 elementor-widget elementor-widget-image\" data-id=\"cd3c269\" data-element_type=\"widget\" data-widget_type=\"image.default\">\n\t\t\t\t<div class=\"elementor-widget-container\">\n\t\t\t\t\t<div class=\"elementor-image\">\n\t\t\t\t\t\t\t\t\t\t<img loading=\"lazy\" decoding=\"async\" width=\"580\" height=\"145\" src=\"http:\/\/ledboxindustrial.com.br\/wp-content\/uploads\/2021\/06\/Fale-conosco.png\" class=\"attachment-large size-large\" alt=\"\" srcset=\"http:\/\/ledboxindustrial.com.br\/wp-content\/uploads\/2021\/06\/Fale-conosco.png 764w, http:\/\/ledboxindustrial.com.br\/wp-content\/uploads\/2021\/06\/Fale-conosco-300x75.png 300w\" sizes=\"auto, (max-width: 580px) 100vw, 580px\" \/>\t\t\t\t\t\t\t\t\t\t\t<\/div>\n\t\t\t\t<\/div>\n\t\t\t\t<\/div>\n\t\t\t\t\t<\/div>\n\t\t<\/div>\n\t\t\t\t<div class=\"elementor-column elementor-col-50 elementor-top-column elementor-element elementor-element-344a7b5\" data-id=\"344a7b5\" data-element_type=\"column\">\n\t\t\t<div class=\"elementor-widget-wrap elementor-element-populated\">\n\t\t\t\t\t\t\t\t<div class=\"elementor-element elementor-element-1cb6317 elementor-widget elementor-widget-text-editor\" data-id=\"1cb6317\" data-element_type=\"widget\" data-widget_type=\"text-editor.default\">\n\t\t\t\t<div class=\"elementor-widget-container\">\n\t\t\t\t\t<div class=\"elementor-text-editor elementor-clearfix\"><p>Nosso endere\u00e7o: Rua Tit\u00e2nio (antiga rua Curi\u00f3), 80<\/p><p>Telefone :\u00a011 4117-2082<\/p><p>WhatsApp : 11 941012557<\/p><p>E-mail : contato1@ledboxindustrial.com.br<\/p><\/div>\n\t\t\t\t<\/div>\n\t\t\t\t<\/div>\n\t\t\t\t\t<\/div>\n\t\t<\/div>\n\t\t\t\t\t\t\t<\/div>\n\t\t<\/section>\n\t\t\t\t<section class=\"elementor-section elementor-top-section elementor-element elementor-element-8dbbe9c elementor-section-boxed elementor-section-height-default elementor-section-height-default\" data-id=\"8dbbe9c\" data-element_type=\"section\">\n\t\t\t\t\t\t<div class=\"elementor-container elementor-column-gap-default\">\n\t\t\t\t\t<div class=\"elementor-column elementor-col-100 elementor-top-column elementor-element elementor-element-30def99\" data-id=\"30def99\" data-element_type=\"column\">\n\t\t\t<div class=\"elementor-widget-wrap elementor-element-populated\">\n\t\t\t\t\t\t\t\t<div class=\"elementor-element elementor-element-19da514 elementor-widget elementor-widget-google_maps\" data-id=\"19da514\" data-element_type=\"widget\" data-widget_type=\"google_maps.default\">\n\t\t\t\t<div class=\"elementor-widget-container\">\n\t\t\t<div class=\"elementor-custom-embed\"><iframe frameborder=\"0\" scrolling=\"no\" marginheight=\"0\" marginwidth=\"0\" src=\"https:\/\/maps.google.com\/maps?q=Brasil%2C%20S%C3%A3o%20Paulo%2C%20&amp;t=m&amp;z=10&amp;output=embed&amp;iwloc=near\" title=\"Brasil, S\u00e3o Paulo, \" aria-label=\"Brasil, S\u00e3o Paulo, \"><\/iframe><\/div>\t\t<\/div>\n\t\t\t\t<\/div>\n\t\t\t\t\t<\/div>\n\t\t<\/div>\n\t\t\t\t\t\t\t<\/div>\n\t\t<\/section>\n\t\t\t\t<section class=\"elementor-section elementor-top-section elementor-element elementor-element-79b1dae8 elementor-section-boxed elementor-section-height-default elementor-section-height-default\" data-id=\"79b1dae8\" data-element_type=\"section\" data-settings=\"{&quot;background_background&quot;:&quot;classic&quot;}\">\n\t\t\t\t\t\t<div class=\"elementor-container elementor-column-gap-default\">\n\t\t\t\t\t<div class=\"elementor-column elementor-col-33 elementor-top-column elementor-element elementor-element-75957005\" data-id=\"75957005\" data-element_type=\"column\">\n\t\t\t<div class=\"elementor-widget-wrap elementor-element-populated\">\n\t\t\t\t\t\t\t\t<div class=\"elementor-element elementor-element-68ceb1ac elementor-widget elementor-widget-text-editor\" data-id=\"68ceb1ac\" data-element_type=\"widget\" data-widget_type=\"text-editor.default\">\n\t\t\t\t<div class=\"elementor-widget-container\">\n\t\t\t\t\t<div class=\"elementor-text-editor elementor-clearfix\">\u00a9 2021 <b> LEDBOX Industrial<\/b> Todos os direitos reservados.<\/div>\n\t\t\t\t<\/div>\n\t\t\t\t<\/div>\n\t\t\t\t\t<\/div>\n\t\t<\/div>\n\t\t\t\t<div class=\"elementor-column elementor-col-33 elementor-top-column elementor-element elementor-element-195c163\" data-id=\"195c163\" data-element_type=\"column\">\n\t\t\t<div class=\"elementor-widget-wrap elementor-element-populated\">\n\t\t\t\t\t\t\t\t<div class=\"elementor-element elementor-element-9c55d25 elementor-widget elementor-widget-text-editor\" data-id=\"9c55d25\" data-element_type=\"widget\" data-widget_type=\"text-editor.default\">\n\t\t\t\t<div class=\"elementor-widget-container\">\n\t\t\t\t\t<div class=\"elementor-text-editor elementor-clearfix\"><p><a href=\"http:\/\/www.mcpvirtual.com.br\">MCP VIRTUAL<\/a><\/p><\/div>\n\t\t\t\t<\/div>\n\t\t\t\t<\/div>\n\t\t\t\t\t<\/div>\n\t\t<\/div>\n\t\t\t\t<div class=\"elementor-column elementor-col-33 elementor-top-column elementor-element elementor-element-768a0b3\" data-id=\"768a0b3\" data-element_type=\"column\">\n\t\t\t<div class=\"elementor-widget-wrap elementor-element-populated\">\n\t\t\t\t\t\t\t\t<div class=\"elementor-element elementor-element-5db4ae69 elementor-align-right elementor-tablet-align-center elementor-widget elementor-widget-button\" data-id=\"5db4ae69\" data-element_type=\"widget\" data-widget_type=\"button.default\">\n\t\t\t\t<div class=\"elementor-widget-container\">\n\t\t\t\t\t<div class=\"elementor-button-wrapper\">\n\t\t\t<a href=\"#top\" class=\"elementor-button-link elementor-button elementor-size-sm\" role=\"button\">\n\t\t\t\t\t\t<span class=\"elementor-button-content-wrapper\">\n\t\t\t\t\t\t<span class=\"elementor-button-text\">\u25b2<\/span>\n\t\t<\/span>\n\t\t\t\t\t<\/a>\n\t\t<\/div>\n\t\t\t\t<\/div>\n\t\t\t\t<\/div>\n\t\t\t\t\t<\/div>\n\t\t<\/div>\n\t\t\t\t\t\t\t<\/div>\n\t\t<\/section>\n\t\t\t\t\t\t<\/div>\n\t\t\t\t\t<\/div>\n\t\t","protected":false},"excerpt":{"rendered":"<p>LEDBOX Industrial Trabalhamos com os melhores produtos relacionado a carca\u00e7as de lumin\u00e1ria Saiba Mais SOLICITE OR\u00c7AMENTO Carca\u00e7a lumin\u00e1ria LB &#8211; 01 vers\u00e3o Projetor Carca\u00e7a lumin\u00e1ria LB &#8211; 02 vers\u00e3o Projetor Carca\u00e7a lumin\u00e1ria LB &#8211; 03 vers\u00e3o Projetor Carca\u00e7a lumin\u00e1ria LB &#8211; 03 Carca\u00e7a Luminaria LB-02 Anterior Pr\u00f3ximo Nosso endere\u00e7o: Rua Tit\u00e2nio (antiga rua Curi\u00f3), 80 [&hellip;]<\/p>\n","protected":false},"author":1,"featured_media":0,"parent":0,"menu_order":0,"comment_status":"closed","ping_status":"closed","template":"elementor_canvas","meta":{"footnotes":""},"class_list":["post-34","page","type-page","status-publish","hentry"],"_links":{"self":[{"href":"http:\/\/ledboxindustrial.com.br\/index.php\/wp-json\/wp\/v2\/pages\/34","targetHints":{"allow":["GET"]}}],"collection":[{"href":"http:\/\/ledboxindustrial.com.br\/index.php\/wp-json\/wp\/v2\/pages"}],"about":[{"href":"http:\/\/ledboxindustrial.com.br\/index.php\/wp-json\/wp\/v2\/types\/page"}],"author":[{"embeddable":true,"href":"http:\/\/ledboxindustrial.com.br\/index.php\/wp-json\/wp\/v2\/users\/1"}],"replies":[{"embeddable":true,"href":"http:\/\/ledboxindustrial.com.br\/index.php\/wp-json\/wp\/v2\/comments?post=34"}],"version-history":[{"count":106,"href":"http:\/\/ledboxindustrial.com.br\/index.php\/wp-json\/wp\/v2\/pages\/34\/revisions"}],"predecessor-version":[{"id":192,"href":"http:\/\/ledboxindustrial.com.br\/index.php\/wp-json\/wp\/v2\/pages\/34\/revisions\/192"}],"wp:attachment":[{"href":"http:\/\/ledboxindustrial.com.br\/index.php\/wp-json\/wp\/v2\/media?parent=34"}],"curies":[{"name":"wp","href":"https:\/\/api.w.org\/{rel}","templated":true}]}}